{"id":1412,"date":"2023-04-25T10:34:05","date_gmt":"2023-04-25T13:34:05","guid":{"rendered":"https:\/\/educaciondigital.mec.gob.ar\/?page_id=1412"},"modified":"2023-04-27T23:23:33","modified_gmt":"2023-04-28T02:23:33","slug":"propuestas-para-docentes","status":"publish","type":"page","link":"https:\/\/educaciondigital.mec.gob.ar\/index.php\/propuestas-para-docentes\/","title":{"rendered":"Propuestas para docentes"},"content":{"rendered":"\n<div class=\"wp-block-uagb-container uagb-block-cc61c5d9 alignfull uagb-is-root-container\"><div class=\"uagb-container-inner-blocks-wrap\"><\/div><\/div>\n\n\n\n<div class=\"wp-block-uagb-container uagb-block-cc7a7c44 alignfull uagb-is-root-container\"><div class=\"uagb-container-inner-blocks-wrap\">\n<div class=\"wp-block-uagb-image alignleft uagb-block-2663dffa wp-block-uagb-image--layout-default wp-block-uagb-image--effect-grayscale wp-block-uagb-image--align-left\"><figure class=\"wp-block-uagb-image__figure\"><img decoding=\"async\" srcset=\"https:\/\/educaciondigital.mec.gob.ar\/wp-content\/uploads\/2023\/04\/MinisterioDeEdEncabezado.png \" sizes=\"auto, (max-width: 480px) 150px\" src=\"https:\/\/educaciondigital.mec.gob.ar\/wp-content\/uploads\/2023\/04\/MinisterioDeEdEncabezado.png\" alt=\"\" class=\"uag-image-1447\" width=\"296\" height=\"33\" title=\"\" loading=\"lazy\"\/><\/figure><\/div>\n<\/div><\/div>\n\n\n\n<div class=\"wp-block-uagb-container uagb-block-1cea16bc alignfull uagb-is-root-container\"><div class=\"uagb-container-inner-blocks-wrap\"><\/div><\/div>\n\n\n\n<div class=\"wp-block-uagb-container uagb-block-b6209f61 alignfull uagb-is-root-container\"><div class=\"uagb-container-inner-blocks-wrap\">\n<div class=\"wp-block-uagb-image alignright uagb-block-be1c494b wp-block-uagb-image--layout-default wp-block-uagb-image--effect-static wp-block-uagb-image--align-right\"><figure class=\"wp-block-uagb-image__figure\"><img decoding=\"async\" srcset=\"https:\/\/educaciondigital.mec.gob.ar\/wp-content\/uploads\/2023\/04\/PropuestasParaDocentesTitulo.png \" sizes=\"auto, (max-width: 480px) 150px\" src=\"https:\/\/educaciondigital.mec.gob.ar\/wp-content\/uploads\/2023\/04\/PropuestasParaDocentesTitulo.png\" alt=\"\" class=\"uag-image-1448\" width=\"366\" height=\"45\" title=\"\" loading=\"lazy\"\/><\/figure><\/div>\n<\/div><\/div>\n\n\n\n<section class=\"wp-block-uagb-columns uagb-columns__wrap uagb-columns__background-none uagb-columns__stack-tablet uagb-columns__valign-center uagb-columns__gap-0 align uagb-block-aa5b9427 uagb-columns__columns-2 uagb-columns__max_width-theme\"><div class=\"uagb-columns__overlay\"><\/div><div class=\"uagb-columns__inner-wrap uagb-columns__columns-2\">\n<div class=\"wp-block-uagb-column uagb-column__wrap uagb-column__background-undefined uagb-block-f98cd122\"><div class=\"uagb-column__overlay\"><\/div>\n<div class=\"wp-block-uagb-image uagb-block-74ec9443 wp-block-uagb-image--layout-default wp-block-uagb-image--effect-static wp-block-uagb-image--align-none\"><figure class=\"wp-block-uagb-image__figure\"><img decoding=\"async\" srcset=\"https:\/\/educaciondigital.mec.gob.ar\/wp-content\/uploads\/2023\/04\/PropuestasParaDocentesImgPortada.png \" sizes=\"auto, (max-width: 480px) 150px\" src=\"https:\/\/educaciondigital.mec.gob.ar\/wp-content\/uploads\/2023\/04\/PropuestasParaDocentesImgPortada.png\" alt=\"\" class=\"uag-image-1452\" width=\"400\" height=\"334\" title=\"\" loading=\"lazy\"\/><\/figure><\/div>\n<\/div>\n\n\n\n<div class=\"wp-block-uagb-column uagb-column__wrap uagb-column__background-undefined uagb-block-d3b6f891\"><div class=\"uagb-column__overlay\"><\/div>\n<p>Presentamos una serie de cursos y jornadas acad\u00e9micas dise\u00f1adas especialmente para docentes, con el objetivo de ofrecerles herramientas y recursos que les permitan mejorar su desempe\u00f1o en el aula y fortalecer su labor como educadores.<br>Estos cursos y jornadas est\u00e1n dise\u00f1ados para proporcionar a los profesores herramientas y estrategias efectivas para la ense\u00f1anza en el aula. Se presentar\u00e1n diversos recursos tecnol\u00f3gicos que pueden ser utilizadas en el aula para mejorar el proceso de ense\u00f1anza &#8211; aprendizaje, donde los docentes participantes aprender\u00e1n a utilizar recursos como la pizarra digital, plataformas educativas y softwares educativos.<\/p>\n<\/div>\n<\/div><\/section>\n\n\n\n<div style=\"height:20px\" aria-hidden=\"true\" class=\"wp-block-spacer\"><\/div>\n\n\n\n<div class=\"wp-block-uagb-container uagb-block-56bba7ca alignfull uagb-is-root-container\"><div class=\"uagb-container-inner-blocks-wrap\">\n<div class=\"wp-block-uagb-buttons uagb-buttons__outer-wrap uagb-btn__default-btn uagb-btn-tablet__default-btn uagb-btn-mobile__default-btn uagb-block-4ce42a4f\"><div class=\"uagb-buttons__wrap uagb-buttons-layout-wrap\">\n<div class=\"wp-block-uagb-buttons-child uagb-buttons__outer-wrap uagb-block-55cb80e3 wp-block-button is-style-outline\"><div class=\"uagb-button__wrapper\"><a class=\"uagb-buttons-repeater wp-block-button__link has-background has-text-color\" href=\"https:\/\/educaciondigital.mec.gob.ar\/index.php\/nivel-inicial\/\" onclick=\"return true;\" rel=\"follow noopener\" target=\"_self\"><div class=\"uagb-button__link\">NIVEL INICIAL<\/div><\/a><\/div><\/div>\n\n\n\n<div class=\"wp-block-uagb-buttons-child uagb-buttons__outer-wrap uagb-block-254faa89 wp-block-button is-style-outline\"><div class=\"uagb-button__wrapper\"><a class=\"uagb-buttons-repeater wp-block-button__link has-background has-text-color\" href=\"https:\/\/educaciondigital.mec.gob.ar\/index.php\/nivel-primario\/\" onclick=\"return true;\" rel=\"follow noopener\" target=\"_self\"><div class=\"uagb-button__link\">NIVEL PRIMARIO<\/div><\/a><\/div><\/div>\n\n\n\n<div class=\"wp-block-uagb-buttons-child uagb-buttons__outer-wrap uagb-block-e23ad413 wp-block-button is-style-outline\"><div class=\"uagb-button__wrapper\"><a class=\"uagb-buttons-repeater wp-block-button__link has-background has-text-color\" href=\"https:\/\/educaciondigital.mec.gob.ar\/index.php\/nivel-secundario\/\" onclick=\"return true;\" rel=\"follow noopener\" target=\"_self\"><div class=\"uagb-button__link\">NIVEL SECUNDARIO<\/div><\/a><\/div><\/div>\n<\/div><\/div>\n<\/div><\/div>\n\n\n\n<div style=\"height:20px\" aria-hidden=\"true\" class=\"wp-block-spacer\"><\/div>\n\n\n\n<div class=\"wp-block-uagb-container uagb-block-2a33ad5c alignfull uagb-is-root-container\"><div class=\"uagb-container-inner-blocks-wrap\">\n<div class=\"wp-block-uagb-buttons uagb-buttons__outer-wrap uagb-btn__default-btn uagb-btn-tablet__default-btn uagb-btn-mobile__default-btn uagb-block-7a3a96cc\"><div class=\"uagb-buttons__wrap uagb-buttons-layout-wrap\">\n<div class=\"wp-block-uagb-buttons-child uagb-buttons__outer-wrap uagb-block-3c564506 wp-block-button is-style-outline\"><div class=\"uagb-button__wrapper\"><a class=\"uagb-buttons-repeater wp-block-button__link has-background has-text-color\" href=\"https:\/\/educaciondigital.mec.gob.ar\/\" onclick=\"return true;\" rel=\"follow noopener\" target=\"_self\"><div class=\"uagb-button__link\">VOLVER al INICIO<\/div><span class=\"uagb-button__icon uagb-button__icon-position-after\"><svg xmlns=\"https:\/\/www.w3.org\/2000\/svg\" viewBox=\"0 0 512 512\"><path d=\"M480 256c0 123.4-100.5 223.9-223.9 223.9c-48.86 0-95.19-15.58-134.2-44.86c-14.14-10.59-17-30.66-6.391-44.81c10.61-14.09 30.69-16.97 44.8-6.375c27.84 20.91 61 31.94 95.89 31.94C344.3 415.8 416 344.1 416 256s-71.67-159.8-159.8-159.8C205.9 96.22 158.6 120.3 128.6 160H192c17.67 0 32 14.31 32 32S209.7 224 192 224H48c-17.67 0-32-14.31-32-32V48c0-17.69 14.33-32 32-32s32 14.31 32 32v70.23C122.1 64.58 186.1 32.11 256.1 32.11C379.5 32.11 480 132.6 480 256z\"><\/path><\/svg><\/span><\/a><\/div><\/div>\n<\/div><\/div>\n\n\n\n<div style=\"height:20px\" aria-hidden=\"true\" class=\"wp-block-spacer\"><\/div>\n<\/div><\/div>\n","protected":false},"excerpt":{"rendered":"<p>Presentamos una serie de cursos y jornadas acad\u00e9micas dise\u00f1adas especialmente para docentes, con el objetivo de ofrecerles herramientas y recursos que les permitan mejorar su desempe\u00f1o en el aula y fortalecer su labor como educadores.Estos cursos y jornadas est\u00e1n dise\u00f1ados para proporcionar a los profesores herramientas y estrategias efectivas para la ense\u00f1anza en el aula. &hellip;<\/p>\n<p class=\"read-more\"> <a class=\"\" href=\"https:\/\/educaciondigital.mec.gob.ar\/index.php\/propuestas-para-docentes\/\"> <span class=\"screen-reader-text\">Propuestas para docentes<\/span> Leer m\u00e1s &raquo;<\/a><\/p>\n","protected":false},"author":1,"featured_media":0,"parent":0,"menu_order":0,"comment_status":"closed","ping_status":"closed","template":"","meta":{"_uag_custom_page_level_css":"","site-sidebar-layout":"default","site-content-layout":"","ast-site-content-layout":"","site-content-style":"default","site-sidebar-style":"default","ast-global-header-display":"","ast-banner-title-visibility":"","ast-main-header-display":"","ast-hfb-above-header-display":"","ast-hfb-below-header-display":"","ast-hfb-mobile-header-display":"","site-post-title":"disabled","ast-breadcrumbs-content":"","ast-featured-img":"","footer-sml-layout":"","theme-transparent-header-meta":"","adv-header-id-meta":"","stick-header-meta":"","header-above-stick-meta":"","header-main-stick-meta":"","header-below-stick-meta":"","astra-migrate-meta-layouts":"","ast-page-background-enabled":"default","ast-page-background-meta":{"desktop":{"background-color":"","background-image":"","background-repeat":"repeat","background-position":"center center","background-size":"auto","background-attachment":"scroll","background-type":"","background-media":"","overlay-type":"","overlay-color":"","overlay-gradient":""},"tablet":{"background-color":"","background-image":"","background-repeat":"repeat","background-position":"center center","background-size":"auto","background-attachment":"scroll","background-type":"","background-media":"","overlay-type":"","overlay-color":"","overlay-gradient":""},"mobile":{"background-color":"","background-image":"","background-repeat":"repeat","background-position":"center center","background-size":"auto","background-attachment":"scroll","background-type":"","background-media":"","overlay-type":"","overlay-color":"","overlay-gradient":""}},"ast-content-background-meta":{"desktop":{"background-color":"var(--ast-global-color-5)","background-image":"","background-repeat":"repeat","background-position":"center center","background-size":"auto","background-attachment":"scroll","background-type":"","background-media":"","overlay-type":"","overlay-color":"","overlay-gradient":""},"tablet":{"background-color":"var(--ast-global-color-5)","background-image":"","background-repeat":"repeat","background-position":"center center","background-size":"auto","background-attachment":"scroll","background-type":"","background-media":"","overlay-type":"","overlay-color":"","overlay-gradient":""},"mobile":{"background-color":"var(--ast-global-color-5)","background-image":"","background-repeat":"repeat","background-position":"center center","background-size":"auto","background-attachment":"scroll","background-type":"","background-media":"","overlay-type":"","overlay-color":"","overlay-gradient":""}},"footnotes":""},"class_list":["post-1412","page","type-page","status-publish","hentry"],"uagb_featured_image_src":{"full":false,"thumbnail":false,"medium":false,"medium_large":false,"large":false,"1536x1536":false,"2048x2048":false},"uagb_author_info":{"display_name":"admin","author_link":"https:\/\/educaciondigital.mec.gob.ar\/index.php\/author\/admin\/"},"uagb_comment_info":0,"uagb_excerpt":"Presentamos una serie de cursos y jornadas acad\u00e9micas dise\u00f1adas especialmente para docentes, con el objetivo de ofrecerles herramientas y recursos que les permitan mejorar su desempe\u00f1o en el aula y fortalecer su labor como educadores.Estos cursos y jornadas est\u00e1n dise\u00f1ados para proporcionar a los profesores herramientas y estrategias efectivas para la ense\u00f1anza en el aula.&hellip;","_links":{"self":[{"href":"https:\/\/educaciondigital.mec.gob.ar\/index.php\/wp-json\/wp\/v2\/pages\/1412","targetHints":{"allow":["GET"]}}],"collection":[{"href":"https:\/\/educaciondigital.mec.gob.ar\/index.php\/wp-json\/wp\/v2\/pages"}],"about":[{"href":"https:\/\/educaciondigital.mec.gob.ar\/index.php\/wp-json\/wp\/v2\/types\/page"}],"author":[{"embeddable":true,"href":"https:\/\/educaciondigital.mec.gob.ar\/index.php\/wp-json\/wp\/v2\/users\/1"}],"replies":[{"embeddable":true,"href":"https:\/\/educaciondigital.mec.gob.ar\/index.php\/wp-json\/wp\/v2\/comments?post=1412"}],"version-history":[{"count":13,"href":"https:\/\/educaciondigital.mec.gob.ar\/index.php\/wp-json\/wp\/v2\/pages\/1412\/revisions"}],"predecessor-version":[{"id":1646,"href":"https:\/\/educaciondigital.mec.gob.ar\/index.php\/wp-json\/wp\/v2\/pages\/1412\/revisions\/1646"}],"wp:attachment":[{"href":"https:\/\/educaciondigital.mec.gob.ar\/index.php\/wp-json\/wp\/v2\/media?parent=1412"}],"curies":[{"name":"wp","href":"https:\/\/api.w.org\/{rel}","templated":true}]}}